{"id":3,"date":"2025-11-26T15:28:19","date_gmt":"2025-11-26T15:28:19","guid":{"rendered":"http:\/\/charlenebozec.fr\/?page_id=3"},"modified":"2026-01-29T09:26:29","modified_gmt":"2026-01-29T09:26:29","slug":"privacy-policy","status":"publish","type":"page","link":"https:\/\/charlenebozec.fr\/index.php\/privacy-policy\/","title":{"rendered":"Mentions l\u00e9gales"},"content":{"rendered":"\t\t<div data-elementor-type=\"wp-page\" data-elementor-id=\"3\" class=\"elementor elementor-3\">\n\t\t\t\t<div class=\"elementor-element elementor-element-2f19d539 e-flex e-con-boxed e-con e-parent\" data-id=\"2f19d539\" data-element_type=\"container\" data-e-type=\"container\">\n\t\t\t\t\t<div class=\"e-con-inner\">\n\t\t\t\t<div class=\"elementor-element elementor-element-37a23261 elementor-widget elementor-widget-text-editor\" data-id=\"37a23261\" data-element_type=\"widget\" data-e-type=\"widget\" data-widget_type=\"text-editor.default\">\n\t\t\t\t\t\t\t\t\t<h1 style=\"color: #000000; text-align: center;\" data-start=\"231\" data-end=\"249\">Mentions l\u00e9gales<\/h1><h2 style=\"color: #000000;\" data-start=\"251\" data-end=\"271\">\u00c9diteur du site<\/h2><p style=\"color: #000000; font-size: medium;\" data-start=\"272\" data-end=\"474\">Charl\u00e8ne Bozec<br data-start=\"286\" data-end=\"289\" \/>Entrepreneure individuelle\u00a0<br data-start=\"320\" data-end=\"323\" \/>Activit\u00e9 : Direction de projets communication &amp; marketing<br data-start=\"380\" data-end=\"383\" \/>SIREN <i>:\u00a0<strong style=\"margin: 0px; padding: 0px; color: #2d363f; font-family: 'Open Sans', Arial, Helvetica, sans-serif; font-size: 16px;\">990\u00a0202\u00a0772<\/strong><br data-start=\"406\" data-end=\"409\" \/><\/i>Adresse : <em data-start=\"419\" data-end=\"437\">ORVAULT\u2013 France<\/em><br data-start=\"437\" data-end=\"440\" \/>Email : <a rel=\"noopener\" data-start=\"448\" data-end=\"472\">contact@charlenebozec.fr<\/a><\/p><h2 style=\"color: #000000;\" data-start=\"476\" data-end=\"509\">Directrice de la publication<\/h2><p style=\"color: #000000; font-size: medium;\" data-start=\"510\" data-end=\"524\">Charl\u00e8ne Bozec<\/p><h2 style=\"color: #000000;\" data-start=\"526\" data-end=\"542\">H\u00e9bergement<\/h2><p style=\"color: #000000; font-size: medium;\" data-start=\"543\" data-end=\"660\">Le site charlenebozec.fr est h\u00e9berg\u00e9 par : <strong data-start=\"588\" data-end=\"595\">OVH<\/strong><\/p><p>SAS au capital de 50 000 000 \u20ac<\/p><p>RCS Lille M\u00e9tropole 424 761 419 00045<br \/>Code APE 2620Z<br \/>N\u00b0 TVA : FR 22 424 761 419<br \/>Si\u00e8ge social : 2 rue Kellermann &#8211; 59100 Roubaix &#8211; France<\/p><h2 style=\"color: #000000;\" data-start=\"662\" data-end=\"691\">Propri\u00e9t\u00e9 intellectuelle<\/h2><p style=\"color: #000000; font-size: medium;\" data-start=\"692\" data-end=\"980\">L\u2019ensemble des contenus pr\u00e9sents sur le site charlenebozec.fr (textes, images, graphismes, logo, etc.) est prot\u00e9g\u00e9 par le droit de la propri\u00e9t\u00e9 intellectuelle.<br data-start=\"851\" data-end=\"854\" \/>Toute reproduction, repr\u00e9sentation, modification ou diffusion, totale ou partielle, sans autorisation pr\u00e9alable est interdite.<\/p><hr style=\"font-size: medium;\" data-start=\"982\" data-end=\"985\" \/><h2 style=\"color: #000000;\" data-start=\"987\" data-end=\"1010\">Donn\u00e9es personnelles<\/h2><h3 style=\"color: #000000;\" data-start=\"1012\" data-end=\"1036\">Donn\u00e9es collect\u00e9es<\/h3><p style=\"color: #000000; font-size: medium;\" data-start=\"1037\" data-end=\"1097\">Les donn\u00e9es collect\u00e9es via le formulaire de contact sont :<\/p><ul style=\"color: #000000; font-size: medium;\" data-start=\"1098\" data-end=\"1135\"><li data-start=\"1098\" data-end=\"1105\"><p data-start=\"1100\" data-end=\"1105\">Nom<\/p><\/li><li data-start=\"1106\" data-end=\"1123\"><p data-start=\"1108\" data-end=\"1123\">Adresse email<\/p><\/li><li data-start=\"1124\" data-end=\"1135\"><p data-start=\"1126\" data-end=\"1135\">Message<\/p><\/li><\/ul><h3 style=\"color: #000000;\" data-start=\"1137\" data-end=\"1165\">Finalit\u00e9 du traitement<\/h3><p style=\"color: #000000; font-size: medium;\" data-start=\"1166\" data-end=\"1273\">Les donn\u00e9es sont collect\u00e9es uniquement afin de r\u00e9pondre aux demandes envoy\u00e9es via le formulaire de contact.<\/p><h3 style=\"color: #000000;\" data-start=\"1275\" data-end=\"1292\">Base l\u00e9gale<\/h3><p style=\"color: #000000; font-size: medium;\" data-start=\"1293\" data-end=\"1367\">Le traitement des donn\u00e9es repose sur le <strong data-start=\"1333\" data-end=\"1349\">consentement<\/strong> de l\u2019utilisateur.<\/p><h3 style=\"color: #000000;\" data-start=\"1369\" data-end=\"1396\">Dur\u00e9e de conservation<\/h3><p style=\"color: #000000; font-size: medium;\" data-start=\"1397\" data-end=\"1513\">Les donn\u00e9es sont conserv\u00e9es pendant une dur\u00e9e maximale de <strong data-start=\"1455\" data-end=\"1466\">24 mois<\/strong> \u00e0 compter du dernier \u00e9change, puis supprim\u00e9es.<\/p><h3 style=\"color: #000000;\" data-start=\"1515\" data-end=\"1534\">Destinataires<\/h3><p style=\"color: #000000; font-size: medium;\" data-start=\"1535\" data-end=\"1640\">Les donn\u00e9es sont destin\u00e9es exclusivement \u00e0 Charl\u00e8ne Bozec et ne sont en aucun cas transmises \u00e0 des tiers.<\/p><h3 style=\"color: #000000;\" data-start=\"1642\" data-end=\"1671\">Droits des utilisateurs<\/h3><p style=\"color: #000000; font-size: medium;\" data-start=\"1672\" data-end=\"1955\">Conform\u00e9ment au R\u00e8glement G\u00e9n\u00e9ral sur la Protection des Donn\u00e9es (RGPD), vous disposez d\u2019un droit d\u2019acc\u00e8s, de rectification, d\u2019opposition et de suppression des donn\u00e9es vous concernant.<br data-start=\"1855\" data-end=\"1858\" \/>Pour exercer ces droits, vous pouvez adresser votre demande \u00e0 :<br data-start=\"1921\" data-end=\"1924\" \/><strong data-start=\"1927\" data-end=\"1955\"><a rel=\"noopener\" data-start=\"1929\" data-end=\"1953\">contact@charlenebozec.fr<\/a><\/strong><\/p><hr style=\"font-size: medium;\" data-start=\"1957\" data-end=\"1960\" \/><h2 style=\"color: #000000;\" data-start=\"1962\" data-end=\"1993\">Cookies et mesure d\u2019audience<\/h2><p style=\"color: #000000; font-size: medium;\" data-start=\"1995\" data-end=\"2143\">Le site utilise <strong data-start=\"2011\" data-end=\"2031\">Google Analytics<\/strong>, un service d\u2019analyse de trafic fourni par Google, permettant de mesurer l\u2019audience et l\u2019utilisation du site.<\/p><p style=\"color: #000000; font-size: medium;\" data-start=\"2145\" data-end=\"2365\">Des cookies peuvent \u00eatre d\u00e9pos\u00e9s \u00e0 des fins statistiques, sous r\u00e9serve de votre consentement.<br data-start=\"2238\" data-end=\"2241\" \/>Vous pouvez accepter ou refuser l\u2019utilisation de ces cookies via le bandeau pr\u00e9vu \u00e0 cet effet lors de votre premi\u00e8re visite.\u00a0<span style=\"font-family: inherit;\">Vous pouvez \u00e9galement configurer votre navigateur pour refuser les cookies<\/span><span style=\"font-family: inherit; font-size: 18px;\">.<\/span><\/p><p><!-- \/wp:paragraph --><\/p>\t\t\t\t\t\t\t\t<\/div>\n\t\t\t\t\t<\/div>\n\t\t\t\t<\/div>\n\t\t\t\t<\/div>\n\t\t","protected":false},"excerpt":{"rendered":"<p>Mentions l\u00e9gales \u00c9diteur du site Charl\u00e8ne BozecEntrepreneure individuelle\u00a0Activit\u00e9 : Direction de projets communication &amp; marketingSIREN :\u00a0990\u00a0202\u00a0772Adresse : ORVAULT\u2013 FranceEmail : contact@charlenebozec.fr Directrice de la publication Charl\u00e8ne Bozec H\u00e9bergement Le site charlenebozec.fr est h\u00e9berg\u00e9 par : OVH SAS au capital de 50 000 000 \u20ac RCS Lille M\u00e9tropole 424 761 419 00045Code APE 2620ZN\u00b0 TVA : [&hellip;]<\/p>\n","protected":false},"author":1,"featured_media":0,"parent":0,"menu_order":0,"comment_status":"closed","ping_status":"open","template":"","meta":{"footnotes":""},"class_list":["post-3","page","type-page","status-publish","hentry"],"_links":{"self":[{"href":"https:\/\/charlenebozec.fr\/index.php\/wp-json\/wp\/v2\/pages\/3","targetHints":{"allow":["GET"]}}],"collection":[{"href":"https:\/\/charlenebozec.fr\/index.php\/wp-json\/wp\/v2\/pages"}],"about":[{"href":"https:\/\/charlenebozec.fr\/index.php\/wp-json\/wp\/v2\/types\/page"}],"author":[{"embeddable":true,"href":"https:\/\/charlenebozec.fr\/index.php\/wp-json\/wp\/v2\/users\/1"}],"replies":[{"embeddable":true,"href":"https:\/\/charlenebozec.fr\/index.php\/wp-json\/wp\/v2\/comments?post=3"}],"version-history":[{"count":6,"href":"https:\/\/charlenebozec.fr\/index.php\/wp-json\/wp\/v2\/pages\/3\/revisions"}],"predecessor-version":[{"id":203,"href":"https:\/\/charlenebozec.fr\/index.php\/wp-json\/wp\/v2\/pages\/3\/revisions\/203"}],"wp:attachment":[{"href":"https:\/\/charlenebozec.fr\/index.php\/wp-json\/wp\/v2\/media?parent=3"}],"curies":[{"name":"wp","href":"https:\/\/api.w.org\/{rel}","templated":true}]}}